{"id":102,"date":"2019-03-23T17:30:44","date_gmt":"2019-03-23T16:30:44","guid":{"rendered":"https:\/\/goppmi.4lima.de\/index.php\/mesmerize\/"},"modified":"2024-02-11T17:31:21","modified_gmt":"2024-02-11T16:31:21","slug":"mesmerize","status":"publish","type":"page","link":"https:\/\/goppmi.de\/","title":{"rendered":"Front Page"},"content":{"rendered":"\t\t<div data-elementor-type=\"wp-post\" data-elementor-id=\"102\" class=\"elementor elementor-102\">\n\t\t\t\t\t\t<section class=\"elementor-section elementor-top-section elementor-element elementor-element-cfc7881 elementor-section-boxed elementor-section-height-default elementor-section-height-default\" data-id=\"cfc7881\" data-element_type=\"section\">\n\t\t\t\t\t\t<div class=\"elementor-container elementor-column-gap-default\">\n\t\t\t\t\t<div class=\"elementor-column elementor-col-100 elementor-top-column elementor-element elementor-element-f5afcdc\" data-id=\"f5afcdc\" data-element_type=\"column\">\n\t\t\t<div class=\"elementor-widget-wrap elementor-element-populated\">\n\t\t\t\t\t\t<div class=\"elementor-element elementor-element-2f45359 elementor-widget elementor-widget-spacer\" data-id=\"2f45359\" data-element_type=\"widget\" data-widget_type=\"spacer.default\">\n\t\t\t\t<div class=\"elementor-widget-container\">\n\t\t\t\t\t<div class=\"elementor-spacer\">\n\t\t\t<div class=\"elementor-spacer-inner\"><\/div>\n\t\t<\/div>\n\t\t\t\t<\/div>\n\t\t\t\t<\/div>\n\t\t\t\t\t<\/div>\n\t\t<\/div>\n\t\t\t\t\t<\/div>\n\t\t<\/section>\n\t\t\t\t<section class=\"elementor-section elementor-top-section elementor-element elementor-element-e5ed46c elementor-section-boxed elementor-section-height-default elementor-section-height-default\" data-id=\"e5ed46c\" data-element_type=\"section\">\n\t\t\t\t\t\t<div class=\"elementor-container elementor-column-gap-default\">\n\t\t\t\t\t<div class=\"elementor-column elementor-col-100 elementor-top-column elementor-element elementor-element-8fd34eb\" data-id=\"8fd34eb\" data-element_type=\"column\">\n\t\t\t<div class=\"elementor-widget-wrap elementor-element-populated\">\n\t\t\t\t\t\t<div class=\"elementor-element elementor-element-49028dc elementor-widget elementor-widget-heading\" data-id=\"49028dc\" data-element_type=\"widget\" data-settings=\"{&quot;_animation&quot;:&quot;none&quot;}\" data-widget_type=\"heading.default\">\n\t\t\t\t<div class=\"elementor-widget-container\">\n\t\t\t<h2 class=\"elementor-heading-title elementor-size-large\">LUFTAUFNAHMEN AUS PHILIPPSBURG UND UMGEBUNG<\/h2>\t\t<\/div>\n\t\t\t\t<\/div>\n\t\t\t\t\t<\/div>\n\t\t<\/div>\n\t\t\t\t\t<\/div>\n\t\t<\/section>\n\t\t\t\t<section class=\"elementor-section elementor-top-section elementor-element elementor-element-1b3dada elementor-section-boxed elementor-section-height-default elementor-section-height-default\" data-id=\"1b3dada\" data-element_type=\"section\">\n\t\t\t\t\t\t<div class=\"elementor-container elementor-column-gap-default\">\n\t\t\t\t\t<div class=\"elementor-column elementor-col-100 elementor-top-column elementor-element elementor-element-c70789f\" data-id=\"c70789f\" data-element_type=\"column\">\n\t\t\t<div class=\"elementor-widget-wrap elementor-element-populated\">\n\t\t\t\t\t\t<div class=\"elementor-element elementor-element-63b0a4f elementor-widget-divider--view-line elementor-widget elementor-widget-divider\" data-id=\"63b0a4f\" data-element_type=\"widget\" data-widget_type=\"divider.default\">\n\t\t\t\t<div class=\"elementor-widget-container\">\n\t\t\t\t\t<div class=\"elementor-divider\">\n\t\t\t<span class=\"elementor-divider-separator\">\n\t\t\t\t\t\t<\/span>\n\t\t<\/div>\n\t\t\t\t<\/div>\n\t\t\t\t<\/div>\n\t\t\t\t\t<\/div>\n\t\t<\/div>\n\t\t\t\t\t<\/div>\n\t\t<\/section>\n\t\t\t\t<section class=\"elementor-section elementor-top-section elementor-element elementor-element-bf8bb81 elementor-section-boxed elementor-section-height-default elementor-section-height-default\" data-id=\"bf8bb81\" data-element_type=\"section\">\n\t\t\t\t\t\t<div class=\"elementor-container elementor-column-gap-default\">\n\t\t\t\t\t<div class=\"elementor-column elementor-col-100 elementor-top-column elementor-element elementor-element-9f07771\" data-id=\"9f07771\" data-element_type=\"column\">\n\t\t\t<div class=\"elementor-widget-wrap elementor-element-populated\">\n\t\t\t\t\t\t<div class=\"elementor-element elementor-element-8d5ffa4 elementor-widget elementor-widget-heading\" data-id=\"8d5ffa4\" data-element_type=\"widget\" data-widget_type=\"heading.default\">\n\t\t\t\t<div class=\"elementor-widget-container\">\n\t\t\t<h2 class=\"elementor-heading-title elementor-size-large\">HERZLICH WILLKOMMEN AUF MEINER HOMEPAGE!<\/h2>\t\t<\/div>\n\t\t\t\t<\/div>\n\t\t\t\t\t<\/div>\n\t\t<\/div>\n\t\t\t\t\t<\/div>\n\t\t<\/section>\n\t\t\t\t<section class=\"elementor-section elementor-top-section elementor-element elementor-element-0ee44ff elementor-section-boxed elementor-section-height-default elementor-section-height-default\" data-id=\"0ee44ff\" data-element_type=\"section\">\n\t\t\t\t\t\t<div class=\"elementor-container elementor-column-gap-default\">\n\t\t\t\t\t<div class=\"elementor-column elementor-col-100 elementor-top-column elementor-element elementor-element-b995b3e\" data-id=\"b995b3e\" data-element_type=\"column\">\n\t\t\t<div class=\"elementor-widget-wrap elementor-element-populated\">\n\t\t\t\t\t\t<div class=\"elementor-element elementor-element-a3858ca elementor-widget elementor-widget-text-editor\" data-id=\"a3858ca\" data-element_type=\"widget\" data-widget_type=\"text-editor.default\">\n\t\t\t\t<div class=\"elementor-widget-container\">\n\t\t\t\t\t\t\t<h3>Ich pr\u00e4sentiere hier verschiedene Luftaufnahmen von Philippsburg und Umgebung. Die Bilder wurden mit einer <b>DJI Phantom 3 Professional bzw. DJI Mavic 2 Pro<\/b> Drohne erstellt. Unter dem Men\u00fcpunkt <b>&#8222;Meine Aufnahmen&#8220;<\/b> erhalten Sie eine kleine \u00dcbersicht meiner Luftbilder. Viel Spa\u00df beim Anschauen!<br><\/h3>\t\t\t\t\t\t<\/div>\n\t\t\t\t<\/div>\n\t\t\t\t\t<\/div>\n\t\t<\/div>\n\t\t\t\t\t<\/div>\n\t\t<\/section>\n\t\t\t\t<section class=\"elementor-section elementor-top-section elementor-element elementor-element-91479c2 elementor-section-boxed elementor-section-height-default elementor-section-height-default\" data-id=\"91479c2\" data-element_type=\"section\">\n\t\t\t\t\t\t<div class=\"elementor-container elementor-column-gap-default\">\n\t\t\t\t\t<div class=\"elementor-column elementor-col-100 elementor-top-column elementor-element elementor-element-1ed79d3\" data-id=\"1ed79d3\" data-element_type=\"column\">\n\t\t\t<div class=\"elementor-widget-wrap elementor-element-populated\">\n\t\t\t\t\t\t<div class=\"elementor-element elementor-element-cdbad0d elementor-widget elementor-widget-spacer\" data-id=\"cdbad0d\" data-element_type=\"widget\" data-widget_type=\"spacer.default\">\n\t\t\t\t<div class=\"elementor-widget-container\">\n\t\t\t\t\t<div class=\"elementor-spacer\">\n\t\t\t<div class=\"elementor-spacer-inner\"><\/div>\n\t\t<\/div>\n\t\t\t\t<\/div>\n\t\t\t\t<\/div>\n\t\t\t\t\t<\/div>\n\t\t<\/div>\n\t\t\t\t\t<\/div>\n\t\t<\/section>\n\t\t\t\t<section class=\"elementor-section elementor-top-section elementor-element elementor-element-853bb99 elementor-section-boxed elementor-section-height-default elementor-section-height-default\" data-id=\"853bb99\" data-element_type=\"section\">\n\t\t\t\t\t\t<div class=\"elementor-container elementor-column-gap-default\">\n\t\t\t\t\t<div class=\"elementor-column elementor-col-100 elementor-top-column elementor-element elementor-element-27aa0e3\" data-id=\"27aa0e3\" data-element_type=\"column\">\n\t\t\t<div class=\"elementor-widget-wrap elementor-element-populated\">\n\t\t\t\t\t\t<div class=\"elementor-element elementor-element-de4bf28 elementor-widget elementor-widget-image\" data-id=\"de4bf28\" data-element_type=\"widget\" data-widget_type=\"image.default\">\n\t\t\t\t<div class=\"elementor-widget-container\">\n\t\t\t\t\t\t\t\t\t\t\t\t\t<img fetchpriority=\"high\" decoding=\"async\" width=\"1024\" height=\"484\" src=\"https:\/\/goppmi.de\/wp-content\/uploads\/2021\/10\/kalender2022.jpg\" class=\"attachment-large size-large wp-image-656\" alt=\"\" srcset=\"https:\/\/goppmi.de\/wp-content\/uploads\/2021\/10\/kalender2022.jpg 1024w, https:\/\/goppmi.de\/wp-content\/uploads\/2021\/10\/kalender2022-300x142.jpg 300w, https:\/\/goppmi.de\/wp-content\/uploads\/2021\/10\/kalender2022-768x363.jpg 768w\" sizes=\"(max-width: 1024px) 100vw, 1024px\" \/>\t\t\t\t\t\t\t\t\t\t\t\t\t<\/div>\n\t\t\t\t<\/div>\n\t\t\t\t\t<\/div>\n\t\t<\/div>\n\t\t\t\t\t<\/div>\n\t\t<\/section>\n\t\t\t\t<section class=\"elementor-section elementor-top-section elementor-element elementor-element-1695b1b elementor-section-boxed elementor-section-height-default elementor-section-height-default\" data-id=\"1695b1b\" data-element_type=\"section\">\n\t\t\t\t\t\t<div class=\"elementor-container elementor-column-gap-default\">\n\t\t\t\t\t<div class=\"elementor-column elementor-col-100 elementor-top-column elementor-element elementor-element-0626189\" data-id=\"0626189\" data-element_type=\"column\">\n\t\t\t<div class=\"elementor-widget-wrap elementor-element-populated\">\n\t\t\t\t\t\t<div class=\"elementor-element elementor-element-80dfb55 elementor-widget elementor-widget-heading\" data-id=\"80dfb55\" data-element_type=\"widget\" data-widget_type=\"heading.default\">\n\t\t\t\t<div class=\"elementor-widget-container\">\n\t\t\t<h2 class=\"elementor-heading-title elementor-size-large\">PHILIPPSBURG 2022 - DER LUFTBILDKALENDER<\/h2>\t\t<\/div>\n\t\t\t\t<\/div>\n\t\t\t\t\t<\/div>\n\t\t<\/div>\n\t\t\t\t\t<\/div>\n\t\t<\/section>\n\t\t\t\t<section class=\"elementor-section elementor-top-section elementor-element elementor-element-4986810 elementor-section-boxed elementor-section-height-default elementor-section-height-default\" data-id=\"4986810\" data-element_type=\"section\">\n\t\t\t\t\t\t<div class=\"elementor-container elementor-column-gap-default\">\n\t\t\t\t\t<div class=\"elementor-column elementor-col-100 elementor-top-column elementor-element elementor-element-87e4af6\" data-id=\"87e4af6\" data-element_type=\"column\">\n\t\t\t<div class=\"elementor-widget-wrap elementor-element-populated\">\n\t\t\t\t\t\t<div class=\"elementor-element elementor-element-7367d89 elementor-widget elementor-widget-text-editor\" data-id=\"7367d89\" data-element_type=\"widget\" data-widget_type=\"text-editor.default\">\n\t\t\t\t<div class=\"elementor-widget-container\">\n\t\t\t\t\t\t\t<h3>Der Luftbildkalender von&nbsp; Philippsburg erscheint 2022 in der dritten Ausgabe. Die Luftaufnahmen in diesem Kalender zeigen verschiedene Motive von Philippsburg und den beiden Stadtteilen Huttenheim und Rheinsheim aus einem einzigartigen Blickwinkel.<br><\/h3>\t\t\t\t\t\t<\/div>\n\t\t\t\t<\/div>\n\t\t\t\t\t<\/div>\n\t\t<\/div>\n\t\t\t\t\t<\/div>\n\t\t<\/section>\n\t\t\t\t<section class=\"elementor-section elementor-top-section elementor-element elementor-element-52b0c84 elementor-section-full_width elementor-section-content-middle elementor-section-height-default elementor-section-height-default\" data-id=\"52b0c84\" data-element_type=\"section\">\n\t\t\t\t\t\t<div class=\"elementor-container elementor-column-gap-default\">\n\t\t\t\t\t<div class=\"elementor-column elementor-col-100 elementor-top-column elementor-element elementor-element-9f8246c\" data-id=\"9f8246c\" data-element_type=\"column\">\n\t\t\t<div class=\"elementor-widget-wrap elementor-element-populated\">\n\t\t\t\t\t\t<section class=\"elementor-section elementor-inner-section elementor-element elementor-element-6dc3c13 elementor-section-boxed elementor-section-height-default elementor-section-height-default\" data-id=\"6dc3c13\" data-element_type=\"section\">\n\t\t\t\t\t\t<div class=\"elementor-container elementor-column-gap-default\">\n\t\t\t\t\t<div class=\"elementor-column elementor-col-50 elementor-inner-column elementor-element elementor-element-68041a4\" data-id=\"68041a4\" data-element_type=\"column\">\n\t\t\t<div class=\"elementor-widget-wrap elementor-element-populated\">\n\t\t\t\t\t\t<div class=\"elementor-element elementor-element-5809691 elementor-widget elementor-widget-image\" data-id=\"5809691\" data-element_type=\"widget\" data-widget_type=\"image.default\">\n\t\t\t\t<div class=\"elementor-widget-container\">\n\t\t\t\t\t\t\t\t\t\t\t\t\t<img decoding=\"async\" width=\"519\" height=\"239\" src=\"https:\/\/goppmi.de\/wp-content\/uploads\/2019\/04\/PANO0001-Panorama_539px.jpg\" class=\"attachment-large size-large wp-image-437\" alt=\"\" srcset=\"https:\/\/goppmi.de\/wp-content\/uploads\/2019\/04\/PANO0001-Panorama_539px.jpg 519w, https:\/\/goppmi.de\/wp-content\/uploads\/2019\/04\/PANO0001-Panorama_539px-300x138.jpg 300w\" sizes=\"(max-width: 519px) 100vw, 519px\" \/>\t\t\t\t\t\t\t\t\t\t\t\t\t<\/div>\n\t\t\t\t<\/div>\n\t\t\t\t<div class=\"elementor-element elementor-element-2f22dc5 elementor-widget elementor-widget-heading\" data-id=\"2f22dc5\" data-element_type=\"widget\" data-widget_type=\"heading.default\">\n\t\t\t\t<div class=\"elementor-widget-container\">\n\t\t\t<h2 class=\"elementor-heading-title elementor-size-default\">MICHAELSBERG UNTERGROMBACH<\/h2>\t\t<\/div>\n\t\t\t\t<\/div>\n\t\t\t\t<div class=\"elementor-element elementor-element-3c68266 elementor-widget elementor-widget-text-editor\" data-id=\"3c68266\" data-element_type=\"widget\" data-widget_type=\"text-editor.default\">\n\t\t\t\t<div class=\"elementor-widget-container\">\n\t\t\t\t\t\t\t<h3>Sch\u00f6nes Panoramabild von der Kapelle auf dem Michaelsberg in Untergrombach. Der <b>Michaelsberg <\/b>ist ein 268,8 m hoher Berg am westlichen Rand des Kraichgaus.<br><\/h3>\t\t\t\t\t\t<\/div>\n\t\t\t\t<\/div>\n\t\t\t\t\t<\/div>\n\t\t<\/div>\n\t\t\t\t<div class=\"elementor-column elementor-col-50 elementor-inner-column elementor-element elementor-element-947bc54\" data-id=\"947bc54\" data-element_type=\"column\">\n\t\t\t<div class=\"elementor-widget-wrap elementor-element-populated\">\n\t\t\t\t\t\t<div class=\"elementor-element elementor-element-6a9e1ae elementor-widget elementor-widget-image\" data-id=\"6a9e1ae\" data-element_type=\"widget\" data-widget_type=\"image.default\">\n\t\t\t\t<div class=\"elementor-widget-container\">\n\t\t\t\t\t\t\t\t\t\t\t\t\t<img decoding=\"async\" width=\"519\" height=\"239\" src=\"https:\/\/goppmi.de\/wp-content\/uploads\/2019\/04\/Panorama_Marktplatz_Sonnenuntergang_519px.jpg\" class=\"attachment-large size-large wp-image-445\" alt=\"\" srcset=\"https:\/\/goppmi.de\/wp-content\/uploads\/2019\/04\/Panorama_Marktplatz_Sonnenuntergang_519px.jpg 519w, https:\/\/goppmi.de\/wp-content\/uploads\/2019\/04\/Panorama_Marktplatz_Sonnenuntergang_519px-300x138.jpg 300w\" sizes=\"(max-width: 519px) 100vw, 519px\" \/>\t\t\t\t\t\t\t\t\t\t\t\t\t<\/div>\n\t\t\t\t<\/div>\n\t\t\t\t<div class=\"elementor-element elementor-element-324f5ce elementor-widget elementor-widget-heading\" data-id=\"324f5ce\" data-element_type=\"widget\" data-widget_type=\"heading.default\">\n\t\t\t\t<div class=\"elementor-widget-container\">\n\t\t\t<h2 class=\"elementor-heading-title elementor-size-default\">ABENDSTIMMUNG \u00dcBER PHILIPPSBURG<\/h2>\t\t<\/div>\n\t\t\t\t<\/div>\n\t\t\t\t<div class=\"elementor-element elementor-element-f5e48e3 elementor-widget elementor-widget-text-editor\" data-id=\"f5e48e3\" data-element_type=\"widget\" data-widget_type=\"text-editor.default\">\n\t\t\t\t<div class=\"elementor-widget-container\">\n\t\t\t\t\t\t\t<h3>Tolle Abendstimmung mit Sonnenuntergang \u00fcber der Philippsburger Innenstadt. Die katholischen Pfarrkirche <b>St. Maria Philippsburg<\/b> im Bildmittelpunkt. <br><\/h3>\t\t\t\t\t\t<\/div>\n\t\t\t\t<\/div>\n\t\t\t\t\t<\/div>\n\t\t<\/div>\n\t\t\t\t\t<\/div>\n\t\t<\/section>\n\t\t\t\t\t<\/div>\n\t\t<\/div>\n\t\t\t\t\t<\/div>\n\t\t<\/section>\n\t\t\t\t<section class=\"elementor-section elementor-top-section elementor-element elementor-element-50ddfcb elementor-section-full_width elementor-section-content-middle elementor-section-height-default elementor-section-height-default\" data-id=\"50ddfcb\" data-element_type=\"section\">\n\t\t\t\t\t\t<div class=\"elementor-container elementor-column-gap-default\">\n\t\t\t\t\t<div class=\"elementor-column elementor-col-100 elementor-top-column elementor-element elementor-element-1493c85\" data-id=\"1493c85\" data-element_type=\"column\">\n\t\t\t<div class=\"elementor-widget-wrap elementor-element-populated\">\n\t\t\t\t\t\t<section class=\"elementor-section elementor-inner-section elementor-element elementor-element-9f53ad0 elementor-section-boxed elementor-section-height-default elementor-section-height-default\" data-id=\"9f53ad0\" data-element_type=\"section\">\n\t\t\t\t\t\t<div class=\"elementor-container elementor-column-gap-default\">\n\t\t\t\t\t<div class=\"elementor-column elementor-col-50 elementor-inner-column elementor-element elementor-element-9946a28\" data-id=\"9946a28\" data-element_type=\"column\">\n\t\t\t<div class=\"elementor-widget-wrap elementor-element-populated\">\n\t\t\t\t\t\t<div class=\"elementor-element elementor-element-7ca9722 elementor-widget elementor-widget-image\" data-id=\"7ca9722\" data-element_type=\"widget\" data-widget_type=\"image.default\">\n\t\t\t\t<div class=\"elementor-widget-container\">\n\t\t\t\t\t\t\t\t\t\t\t\t\t<img loading=\"lazy\" decoding=\"async\" width=\"519\" height=\"239\" src=\"https:\/\/goppmi.de\/wp-content\/uploads\/2019\/03\/image2.jpg\" class=\"attachment-large size-large wp-image-122\" alt=\"\" srcset=\"https:\/\/goppmi.de\/wp-content\/uploads\/2019\/03\/image2.jpg 519w, https:\/\/goppmi.de\/wp-content\/uploads\/2019\/03\/image2-300x138.jpg 300w\" sizes=\"(max-width: 519px) 100vw, 519px\" \/>\t\t\t\t\t\t\t\t\t\t\t\t\t<\/div>\n\t\t\t\t<\/div>\n\t\t\t\t<div class=\"elementor-element elementor-element-9d390de elementor-widget elementor-widget-heading\" data-id=\"9d390de\" data-element_type=\"widget\" data-widget_type=\"heading.default\">\n\t\t\t\t<div class=\"elementor-widget-container\">\n\t\t\t<h2 class=\"elementor-heading-title elementor-size-default\">ORTSTEIL RHEINSHEIM<\/h2>\t\t<\/div>\n\t\t\t\t<\/div>\n\t\t\t\t<div class=\"elementor-element elementor-element-089d088 elementor-widget elementor-widget-text-editor\" data-id=\"089d088\" data-element_type=\"widget\" data-widget_type=\"text-editor.default\">\n\t\t\t\t<div class=\"elementor-widget-container\">\n\t\t\t\t\t\t\t<h3>Die Badischen Neuesten Nachrichten haben mein Panoramabild vom Ortsteil Rheinsheim auf der Sonderseite <b>&#8222;Die Lok bleibt verschollen&#8220;<\/b> ver\u00f6ffentlicht. <br><\/h3>\t\t\t\t\t\t<\/div>\n\t\t\t\t<\/div>\n\t\t\t\t\t<\/div>\n\t\t<\/div>\n\t\t\t\t<div class=\"elementor-column elementor-col-50 elementor-inner-column elementor-element elementor-element-58f156e\" data-id=\"58f156e\" data-element_type=\"column\">\n\t\t\t<div class=\"elementor-widget-wrap elementor-element-populated\">\n\t\t\t\t\t\t<div class=\"elementor-element elementor-element-10b7b5d elementor-widget elementor-widget-image\" data-id=\"10b7b5d\" data-element_type=\"widget\" data-widget_type=\"image.default\">\n\t\t\t\t<div class=\"elementor-widget-container\">\n\t\t\t\t\t\t\t\t\t\t\t\t\t<img loading=\"lazy\" decoding=\"async\" width=\"519\" height=\"239\" src=\"https:\/\/goppmi.de\/wp-content\/uploads\/2020\/08\/PANOrhein-Panorama_539px.jpg\" class=\"attachment-large size-large wp-image-644\" alt=\"\" srcset=\"https:\/\/goppmi.de\/wp-content\/uploads\/2020\/08\/PANOrhein-Panorama_539px.jpg 519w, https:\/\/goppmi.de\/wp-content\/uploads\/2020\/08\/PANOrhein-Panorama_539px-300x138.jpg 300w\" sizes=\"(max-width: 519px) 100vw, 519px\" \/>\t\t\t\t\t\t\t\t\t\t\t\t\t<\/div>\n\t\t\t\t<\/div>\n\t\t\t\t<div class=\"elementor-element elementor-element-20c15b9 elementor-widget elementor-widget-heading\" data-id=\"20c15b9\" data-element_type=\"widget\" data-widget_type=\"heading.default\">\n\t\t\t\t<div class=\"elementor-widget-container\">\n\t\t\t<h2 class=\"elementor-heading-title elementor-size-default\">RHEINR\u00dcCKE BEI RHEINSHEIM<\/h2>\t\t<\/div>\n\t\t\t\t<\/div>\n\t\t\t\t<div class=\"elementor-element elementor-element-1f4b304 elementor-widget elementor-widget-text-editor\" data-id=\"1f4b304\" data-element_type=\"widget\" data-widget_type=\"text-editor.default\">\n\t\t\t\t<div class=\"elementor-widget-container\">\n\t\t\t\t\t\t\t<h3>Eine Luftaufnahme von der <b>Rheinbr\u00fccke Rheinsheim &#8211; Germersheim. <\/b>Die Br\u00fccke verbindet die Bundesl\u00e4nder Baden-W\u00fcrttemberg und Rheinland Pfalz.<br><\/h3>\t\t\t\t\t\t<\/div>\n\t\t\t\t<\/div>\n\t\t\t\t\t<\/div>\n\t\t<\/div>\n\t\t\t\t\t<\/div>\n\t\t<\/section>\n\t\t\t\t\t<\/div>\n\t\t<\/div>\n\t\t\t\t\t<\/div>\n\t\t<\/section>\n\t\t\t\t<section class=\"elementor-section elementor-top-section elementor-element elementor-element-35b4e0f elementor-section-boxed elementor-section-height-default elementor-section-height-default\" data-id=\"35b4e0f\" data-element_type=\"section\">\n\t\t\t\t\t\t<div class=\"elementor-container elementor-column-gap-default\">\n\t\t\t\t\t<div class=\"elementor-column elementor-col-100 elementor-top-column elementor-element elementor-element-a956387\" data-id=\"a956387\" data-element_type=\"column\">\n\t\t\t<div class=\"elementor-widget-wrap elementor-element-populated\">\n\t\t\t\t\t\t<div class=\"elementor-element elementor-element-79e4180 elementor-widget elementor-widget-image\" data-id=\"79e4180\" data-element_type=\"widget\" data-widget_type=\"image.default\">\n\t\t\t\t<div class=\"elementor-widget-container\">\n\t\t\t\t\t\t\t\t\t\t\t\t\t<img loading=\"lazy\" decoding=\"async\" width=\"1024\" height=\"484\" src=\"https:\/\/goppmi.de\/wp-content\/uploads\/2019\/03\/image3-1024x484.jpg\" class=\"attachment-large size-large wp-image-174\" alt=\"\" srcset=\"https:\/\/goppmi.de\/wp-content\/uploads\/2019\/03\/image3-1024x484.jpg 1024w, https:\/\/goppmi.de\/wp-content\/uploads\/2019\/03\/image3-300x142.jpg 300w, https:\/\/goppmi.de\/wp-content\/uploads\/2019\/03\/image3-768x363.jpg 768w, https:\/\/goppmi.de\/wp-content\/uploads\/2019\/03\/image3.jpg 1070w\" sizes=\"(max-width: 1024px) 100vw, 1024px\" \/>\t\t\t\t\t\t\t\t\t\t\t\t\t<\/div>\n\t\t\t\t<\/div>\n\t\t\t\t<div class=\"elementor-element elementor-element-7ec647f elementor-widget elementor-widget-heading\" data-id=\"7ec647f\" data-element_type=\"widget\" data-widget_type=\"heading.default\">\n\t\t\t\t<div class=\"elementor-widget-container\">\n\t\t\t<h2 class=\"elementor-heading-title elementor-size-default\">FREYERSEE PHILIPPSBURG<\/h2>\t\t<\/div>\n\t\t\t\t<\/div>\n\t\t\t\t<div class=\"elementor-element elementor-element-ffa1a44 elementor-widget elementor-widget-text-editor\" data-id=\"ffa1a44\" data-element_type=\"widget\" data-widget_type=\"text-editor.default\">\n\t\t\t\t<div class=\"elementor-widget-container\">\n\t\t\t\t\t\t\t<h3>Die Badischen Neuesten Nachrichten ver\u00f6ffentlichten mein Panoramabild vom Freyersee Philippsburg am 18. August 2018&nbsp; unter der Sonderseite <b>&#8222;Die sch\u00f6nsten Sommerfotos&#8220;<\/b>.<br><\/h3>\t\t\t\t\t\t<\/div>\n\t\t\t\t<\/div>\n\t\t\t\t\t<\/div>\n\t\t<\/div>\n\t\t\t\t\t<\/div>\n\t\t<\/section>\n\t\t\t\t<section class=\"elementor-section elementor-top-section elementor-element elementor-element-3ae92bb elementor-section-boxed elementor-section-height-default elementor-section-height-default\" data-id=\"3ae92bb\" data-element_type=\"section\">\n\t\t\t\t\t\t<div class=\"elementor-container elementor-column-gap-default\">\n\t\t\t\t\t<div class=\"elementor-column elementor-col-100 elementor-top-column elementor-element elementor-element-52622d4\" data-id=\"52622d4\" data-element_type=\"column\">\n\t\t\t<div class=\"elementor-widget-wrap elementor-element-populated\">\n\t\t\t\t\t\t<div class=\"elementor-element elementor-element-bf54c03 elementor-widget elementor-widget-spacer\" data-id=\"bf54c03\" data-element_type=\"widget\" data-widget_type=\"spacer.default\">\n\t\t\t\t<div class=\"elementor-widget-container\">\n\t\t\t\t\t<div class=\"elementor-spacer\">\n\t\t\t<div class=\"elementor-spacer-inner\"><\/div>\n\t\t<\/div>\n\t\t\t\t<\/div>\n\t\t\t\t<\/div>\n\t\t\t\t\t<\/div>\n\t\t<\/div>\n\t\t\t\t\t<\/div>\n\t\t<\/section>\n\t\t\t\t<\/div>\n\t\t","protected":false},"excerpt":{"rendered":"<p>LUFTAUFNAHMEN AUS PHILIPPSBURG UND UMGEBUNG HERZLICH WILLKOMMEN AUF MEINER HOMEPAGE! Ich pr\u00e4sentiere hier verschiedene Luftaufnahmen von Philippsburg und Umgebung. Die Bilder wurden mit einer DJI Phantom 3 Professional bzw. DJI Mavic 2 Pro Drohne erstellt. Unter dem Men\u00fcpunkt &#8222;Meine Aufnahmen&#8220; erhalten Sie eine kleine \u00dcbersicht meiner Luftbilder. Viel Spa\u00df beim Anschauen! PHILIPPSBURG 2022 &#8211; DER&hellip; <br \/> <a class=\"read-more\" href=\"https:\/\/goppmi.de\/\">Weiterlesen<\/a><\/p>\n","protected":false},"author":1,"featured_media":0,"parent":0,"menu_order":0,"comment_status":"closed","ping_status":"closed","template":"page-templates\/homepage.php","meta":{"footnotes":""},"_links":{"self":[{"href":"https:\/\/goppmi.de\/index.php\/wp-json\/wp\/v2\/pages\/102"}],"collection":[{"href":"https:\/\/goppmi.de\/index.php\/wp-json\/wp\/v2\/pages"}],"about":[{"href":"https:\/\/goppmi.de\/index.php\/wp-json\/wp\/v2\/types\/page"}],"author":[{"embeddable":true,"href":"https:\/\/goppmi.de\/index.php\/wp-json\/wp\/v2\/users\/1"}],"replies":[{"embeddable":true,"href":"https:\/\/goppmi.de\/index.php\/wp-json\/wp\/v2\/comments?post=102"}],"version-history":[{"count":195,"href":"https:\/\/goppmi.de\/index.php\/wp-json\/wp\/v2\/pages\/102\/revisions"}],"predecessor-version":[{"id":672,"href":"https:\/\/goppmi.de\/index.php\/wp-json\/wp\/v2\/pages\/102\/revisions\/672"}],"wp:attachment":[{"href":"https:\/\/goppmi.de\/index.php\/wp-json\/wp\/v2\/media?parent=102"}],"curies":[{"name":"wp","href":"https:\/\/api.w.org\/{rel}","templated":true}]}}